{"id":33,"date":"2021-12-07T23:56:39","date_gmt":"2021-12-07T21:56:39","guid":{"rendered":"https:\/\/maailmakool.ee\/talkpeacefully\/?page_id=33"},"modified":"2022-01-11T16:04:35","modified_gmt":"2022-01-11T14:04:35","slug":"spregovorimo-miroljubno","status":"publish","type":"page","link":"https:\/\/maailmakool.ee\/talkpeacefully\/sl\/","title":{"rendered":"Spregovorimo miroljubno"},"content":{"rendered":"<p>Dobrodo\u0161li na e-te\u010daju, ki pokriva tematike \u010dlovekovih pravic, k re\u0161itvam usmerjenega pristopa (SF) in nenasilne komunikacije (NVC).<\/p>\n<p>V pomo\u010d vam bo, \u010de ste mladinski delavec, delavec v skupnosti, vzgojitelj, u\u010ditelj, trener, vodja skupine ali moderator.<\/p>\n<p>Oba pristopa \u2013 SF in NVC \u2013 se lahko zdita zelo razli\u010dna, obenem pa se zelo dobro dopolnjujeta, saj se oba \u0161e posebej dobro ujemata s tematiko \u010dlovekovih pravic. Izbrali smo dve metodi, kjer je poudarek na prepoznavanju potreb in virov druge osebe ter na lastni\u0161tvu njihovih dejanj v smeri sprememb, kar ima mo\u010dan u\u010dinek na osebo, s katero se pogovarjamo. Preverite sami!<\/p>\n<div class=\"lms_videowrapper\"><iframe loading=\"lazy\" id=\"lms_videoyt\" src=\"https:\/\/www.youtube.com\/embed\/Yh9hXsIGCko?rel=0&amp;enablejsapi=1&amp;cc_load_policy=1\" width=\"100%\" height=\"100%\" allowfullscreen=\"allowfullscreen\"><\/iframe><\/div>\n<p>Ta te\u010daj je za\u017eivel kot rezultat projekta strate\u0161kega partnerstva, ki se izvaja s finan\u010dno podporo programa Erasmus+. Projekt so razvile tri organizacije: Mondo MTU (Estonija), Zavod Ribalon (Slovenija) in KobieTY (Poljska).<\/p>\n<p><em class=\"lms_tahoma\">Co-funded by the Erasmus+ Programme of the European Union. The content of the e-course reflects the views only of the authors, and the Commission cannot be held responsible for any use which may be made of the information contained therein.<\/em><\/p>\n","protected":false},"excerpt":{"rendered":"<p>Dobrodo\u0161li na e-te\u010daju, ki pokriva tematike \u010dlovekovih pravic, k re\u0161itvam usmerjenega pristopa (SF) in nenasilne komunikacije (NVC). V pomo\u010d vam bo, \u010de ste mladinski delavec, delavec v skupnosti, vzgojitelj, u\u010ditelj, trener, vodja skupine ali moderator. Oba pristopa \u2013 SF in NVC \u2013 se lahko zdita zelo razli\u010dna, obenem pa se zelo dobro dopolnjujeta, saj se [&hellip;]<\/p>\n","protected":false},"author":1,"featured_media":0,"parent":0,"menu_order":0,"comment_status":"closed","ping_status":"closed","template":"lms-home.php","meta":{"footnotes":""},"class_list":["post-33","page","type-page","status-publish","hentry"],"_links":{"self":[{"href":"https:\/\/maailmakool.ee\/talkpeacefully\/wp-json\/wp\/v2\/pages\/33","targetHints":{"allow":["GET"]}}],"collection":[{"href":"https:\/\/maailmakool.ee\/talkpeacefully\/wp-json\/wp\/v2\/pages"}],"about":[{"href":"https:\/\/maailmakool.ee\/talkpeacefully\/wp-json\/wp\/v2\/types\/page"}],"author":[{"embeddable":true,"href":"https:\/\/maailmakool.ee\/talkpeacefully\/wp-json\/wp\/v2\/users\/1"}],"replies":[{"embeddable":true,"href":"https:\/\/maailmakool.ee\/talkpeacefully\/wp-json\/wp\/v2\/comments?post=33"}],"version-history":[{"count":6,"href":"https:\/\/maailmakool.ee\/talkpeacefully\/wp-json\/wp\/v2\/pages\/33\/revisions"}],"predecessor-version":[{"id":101,"href":"https:\/\/maailmakool.ee\/talkpeacefully\/wp-json\/wp\/v2\/pages\/33\/revisions\/101"}],"wp:attachment":[{"href":"https:\/\/maailmakool.ee\/talkpeacefully\/wp-json\/wp\/v2\/media?parent=33"}],"curies":[{"name":"wp","href":"https:\/\/api.w.org\/{rel}","templated":true}]}}