{"id":8,"date":"2022-08-09T10:26:28","date_gmt":"2022-08-09T10:26:28","guid":{"rendered":"https:\/\/maailmakool.ee\/sugu-ja-maailm\/?page_id=8"},"modified":"2022-10-18T19:38:11","modified_gmt":"2022-10-18T16:38:11","slug":"sugu-ja-maailm","status":"publish","type":"page","link":"https:\/\/maailmakool.ee\/sugu-ja-maailm\/","title":{"rendered":"SUGU JA MAAILM"},"content":{"rendered":"<h3>Tere tulemast Mondo soolise v\u00f5rd\u00f5iguslikkuse teemalisele veebikursusele!<\/h3>\n<p><span style=\"font-weight: 400\">Soolise m\u00f5\u00f5tme arvestamine muudab meid teadlikumaks maailmakodanikuks. Selle kursuse eesm\u00e4rk on n\u00e4idata, miks sootundlik l\u00e4henemine maailmahariduse teemadele <\/span><span style=\"font-weight: 400\">annab meile sisukama ja parema \u00fclevaate olulistest \u00fcleilmsetest arengukohtadest<\/span><span style=\"font-weight: 400\">.\u00a0<\/span><\/p>\n<p><span style=\"font-weight: 400\">Oleme sellel kursusel ritta seadnud naiste ja v\u00e4hemuste \u00f5igustele eriomased kitsaskohad maailmas ning n\u00e4itame eri teemade \u00fchendusl\u00fclisid seoste kaudu, mis mida m\u00f5jutab. P\u00fc\u00fcame ilmestada, misp\u00e4rast sooline vaade koos sellega ristuvate sotsiaalsete kategooriatega (nagu rass, klass, vanus, puue jm) peaks saatma k\u00f5iki kestliku arengu debatte, seevastu sootuimus ei aita meid moodsa aja murede, n\u00e4iteks kliimamuutustega v\u00f5itlemisel.\u00a0<\/span><\/p>\n<p><span style=\"font-weight: 400\">See kursus on eriline, kuna varem ei ole sellises mahus s\u00fcstemaatiline sootundlik vaade kestliku arengu ja maailmahariduse p\u00f5hik\u00fcsimustele olnud eesti keeles k\u00e4ttesaadav.\u00a0<\/span><\/p>\n<p><span style=\"font-weight: 400\">Head \u00f5ppimist!<\/span><\/p>\n<h3>Formaat<\/h3>\n<p><span style=\"font-weight: 400\">Veebikursus koosneb viiest osast, kus k\u00e4sitleme soolise v\u00f5rd\u00f5iguslikkuse seoseid eri kestliku arengu eesm\u00e4rkidega. Igast moodulist leiad p\u00f5hiteema kohta video, olulised faktid, taustainfo ning mitmesugused materjalid ja viited.<\/span><\/p>\n<p><span style=\"font-weight: 400\">Peale p\u00f5hiteema avame igas osas ka kaks v\u00f5i rohkem alateemat, mis k\u00e4sitlevad eri soolise v\u00f5rd\u00f5iguslikkuse aspekte ja seoseid s\u00fcviti. Oleme kursusesse p\u00f5iminud \u00fclesandeid, mis aitavad materjali \u00fcle reflekteerida ja seda kinnistada. <\/span><\/p>\n<h3>Veebikursuse autor<\/h3>\n<p><img loading=\"lazy\" decoding=\"async\" class=\"lms_author_image alignright wp-image-44 size-full\" src=\"https:\/\/maailmakool.ee\/sugu-ja-maailm\/wp-content\/uploads\/sites\/5\/2022\/08\/autor.jpg\" alt=\"\" width=\"150\" height=\"150\" \/><\/p>\n<p><span style=\"font-weight: 400\">Maari P\u00f5im on paberitega feminist. Ta on omandanud soouuringute magistrikraadi Kesk-Euroopa \u00dclikoolis Budapestis ja t\u00f6\u00f6tanud Br\u00fcsselis Euroopa Parlamendi m\u00f5ttekojas soo- ja r\u00e4ndepoliitika n\u00f5unikuna, hiljem Stockholmis S\u00f6dert\u00f6rni \u00dclikoolis rahvusvahelises r\u00e4nde uurimisgrupis ning Sihtasutuses Archimedes (n\u00fc\u00fcdne haridus- ja noorteameti koosseisu kuuluv <\/span><span style=\"font-weight: 400\">\u00a0<\/span><span style=\"font-weight: 400\">Erasmus+ ja Euroopa Solidaarsuskorpuse agentuur) rahvusvahelise noortevaldkonna inim\u00f5iguste hariduse projekti koordinaatorina. Maari on 12 aastat olnud tegev inim\u00f5iguste vallas, sellest pool olnud vegan. Ta usub v\u00e4givallaennetusse ning hindab mittekonventsionaalseid algatusi. Vabal ajal k\u00e4ib moodsat kunsti vaatamas, kirjutab luulet, reisib, naudib neogooti \u017eanris filme ja teeb ette sattunud loomadele pai.<\/span><\/p>\n<h3>Loengute \u00f5piv\u00e4ljundid<\/h3>\n<p>Kursusel leiame vastused j\u00e4rgmistele k\u00fcsimustele:<\/p>\n<ul>\n<li style=\"font-weight: 400\"><span style=\"font-weight: 400\">Miks on vaesus globaalselt naise n\u00e4gu?<\/span><\/li>\n<li style=\"font-weight: 400\"><span style=\"font-weight: 400\">Mida t\u00e4hendab vaesuse feminiseerumine, mida t\u00e4hendab r\u00e4nde feminiseerumine?<\/span><\/li>\n<li style=\"font-weight: 400\"><span style=\"font-weight: 400\">Miks t\u00fcdrukud ja noored naised on suuremas HIVi ohus?<\/span><\/li>\n<li style=\"font-weight: 400\"><span style=\"font-weight: 400\">Kuidas on soostereot\u00fc\u00fcbid seotud soolise v\u00e4givallaga?<\/span><\/li>\n<li style=\"font-weight: 400\"><span style=\"font-weight: 400\">Miks on kliimamuutused seotud soolise ebav\u00f5rdsusega?<\/span><\/li>\n<\/ul>\n<p><span style=\"font-weight: 400\">Loengu videoid ja tekste on v\u00e4ga h\u00e4sti v\u00f5imalik p\u00f5imida ka g\u00fcmnaasiumiastme ainetundidesse. Samas r\u00f5hutame, et materjalis v\u00f5ib esineda h\u00e4irivat sisu \u2012 n\u00e4iteks peatutakse kahjustavatel kultuuripraktikatel, naistevastasel v\u00e4givallal, seksuaalv\u00e4givallal jt teemadel, mis v\u00f5ivad esile kutsuda tugevaid tundeid. L\u00e4htuge materjalide kasutamisel \u00f5ppet\u00f6\u00f6s eakohasusest ja tundlike teemade k\u00e4sitlemise p\u00f5him\u00f5tetest.<\/span><\/p>\n","protected":false},"excerpt":{"rendered":"<p>Tere tulemast Mondo soolise v\u00f5rd\u00f5iguslikkuse teemalisele veebikursusele! Soolise m\u00f5\u00f5tme arvestamine muudab meid teadlikumaks maailmakodanikuks. Selle kursuse eesm\u00e4rk on n\u00e4idata, miks sootundlik l\u00e4henemine maailmahariduse teemadele annab meile sisukama ja parema \u00fclevaate olulistest \u00fcleilmsetest arengukohtadest.\u00a0 Oleme sellel kursusel ritta seadnud naiste ja v\u00e4hemuste \u00f5igustele eriomased kitsaskohad maailmas ning n\u00e4itame eri teemade \u00fchendusl\u00fclisid seoste kaudu, mis mida m\u00f5jutab. [&hellip;]<\/p>\n","protected":false},"author":1,"featured_media":0,"parent":0,"menu_order":0,"comment_status":"closed","ping_status":"closed","template":"lms-home.php","meta":{"footnotes":""},"class_list":["post-8","page","type-page","status-publish","hentry"],"_links":{"self":[{"href":"https:\/\/maailmakool.ee\/sugu-ja-maailm\/wp-json\/wp\/v2\/pages\/8","targetHints":{"allow":["GET"]}}],"collection":[{"href":"https:\/\/maailmakool.ee\/sugu-ja-maailm\/wp-json\/wp\/v2\/pages"}],"about":[{"href":"https:\/\/maailmakool.ee\/sugu-ja-maailm\/wp-json\/wp\/v2\/types\/page"}],"author":[{"embeddable":true,"href":"https:\/\/maailmakool.ee\/sugu-ja-maailm\/wp-json\/wp\/v2\/users\/1"}],"replies":[{"embeddable":true,"href":"https:\/\/maailmakool.ee\/sugu-ja-maailm\/wp-json\/wp\/v2\/comments?post=8"}],"version-history":[{"count":14,"href":"https:\/\/maailmakool.ee\/sugu-ja-maailm\/wp-json\/wp\/v2\/pages\/8\/revisions"}],"predecessor-version":[{"id":111,"href":"https:\/\/maailmakool.ee\/sugu-ja-maailm\/wp-json\/wp\/v2\/pages\/8\/revisions\/111"}],"wp:attachment":[{"href":"https:\/\/maailmakool.ee\/sugu-ja-maailm\/wp-json\/wp\/v2\/media?parent=8"}],"curies":[{"name":"wp","href":"https:\/\/api.w.org\/{rel}","templated":true}]}}