{"id":47,"date":"2023-02-08T11:43:34","date_gmt":"2023-02-08T09:43:34","guid":{"rendered":"https:\/\/maailmakool.ee\/safer\/?page_id=47"},"modified":"2023-03-14T14:19:19","modified_gmt":"2023-03-14T12:19:19","slug":"safer-et","status":"publish","type":"page","link":"https:\/\/maailmakool.ee\/safer\/et\/","title":{"rendered":"Veebikursus SAFER"},"content":{"rendered":"<p><span style=\"font-weight: 400\">Et teha ainetevahelist koost\u00f6\u00f6d, tuleb meil tugevused ja oskused kokku panna. Peame oskama diskrimineerimist <\/span><b>\u00e4ra tunda ja seda hallata ning muutma<\/b><span style=\"font-weight: 400\"> klassiruumid ja koolid k\u00f5igile <\/span><b>ohutumaks<\/b> <b>keskkonnaks<\/b><span style=\"font-weight: 400\">. Kutsume sind <\/span><b>\u00f5ppeteekonnale, <\/b><span style=\"font-weight: 400\">milles on teadmise tuumaks refleksioon. <\/span><\/p>\n<p><span style=\"font-weight: 400\">\u00d5petajate ja teiste haridust\u00f6\u00f6tajate t\u00f6\u00f6 toimub n\u00f5udlikus keskkonnas, kus kajastuvad \u00fchiskondliku arutelu k\u00f5ik tahud. Meil on koolis peaaegu alati kiire. Tihti sooviksime kuni kolmetunnist t\u00f5husat loengut ja t\u00f6\u00f6tuba, mis annaks diskrimineerimisele selge, praktilise ning lihtsa lahenduse. Rohkem ei olekski vaja. Kui see vaid oleks nii lihtne!<\/span><\/p>\n<p><span style=\"font-weight: 400\">Kui hakkad diskrimineerimise kohta lugema ja seda valdkonda tundma \u00f5ppima, saad peagi aru, et tegemist on v\u00e4ga keerulise n\u00e4htusega. Vaenuk\u00f5ne ja muud kergesti m\u00e4rgatavad diskrimineerimise vormid on vaid v\u00e4ike silmatorkav osa, mida on n\u00e4ha ja kuulda. Aga probleemi juured peituvad s\u00fcgavamal, ulatudes kaugele ajalukku. V\u00f5ib-olla seet\u00f5ttu tundub sageli, et diskrimineerimist \u00e4ra hoida on v\u00e4ga raske. Me p\u00fc\u00fcame lahendada probleeme, mida n\u00e4eme, aga ainuke p\u00fcsiv lahendus on tegeleda nende probleemide algp\u00f5hjustega. Meil on lihtsalt vaja hakata m\u00e4rkama ja tunnistama seda, kuidas ning miks need algp\u00f5hjused meie elus probleemidena avalduvad. On selge, et me ei leia lahendust, kui me ei suuda n\u00e4ha k\u00f5nealuse fenomeni inimestevahelist, struktuurset ja institutsionaalset tasandit ega v\u00f5ta samal ajal arvesse ajaloolist tausta.<\/span><\/p>\n<p><a href=\"\/wp-content\/uploads\/sites\/7\/2021\/09\/DIARY_1706_2021_small.pdf\" target=\"_blank\" rel=\"noopener\"><img loading=\"lazy\" decoding=\"async\" class=\"lms_diary alignright wp-image-99 size-medium\" src=\"\/wp-content\/uploads\/sites\/7\/2021\/09\/Safer-diary-cover-scaled-1-212x300.jpg\" alt=\"\" width=\"212\" height=\"300\" \/><\/a><span style=\"font-weight: 400\">Diskrimineerimisega tegelemise protsessis on kolm v\u00e4ltimatut etappi: probleemi \u00e4ratundmine, selle haldamine ja muutuste elluviimine. Seda seadusp\u00e4ra \u00f5pid sellel veebikursusel m\u00e4rkama. Asjakohane on k\u00fcsida, kas me \u00fchiskonna v\u00f5i \u00fcksikisikuna soovime oma \u00fchiskonda v\u00f5rdsemaks ja \u00f5iglasemaks muuta? Kes soovib sellist muutust ja kes ei soovi ning miks?<\/span><\/p>\n<p><span style=\"font-weight: 400\">Esimene k\u00fcsimus peaks olema <\/span><span style=\"font-weight: 400\">\u2013<\/span> <b>kas sul on julgust tunnistada oma osa ja positsiooni selles keerulises ning lahendamist vajavas probleemis, mida nimetame diskrimineerimiseks?<\/b><\/p>\n<p><span style=\"font-weight: 400\">Oled teretulnud osalema veebikursusel SAFER. Kursus on osa<\/span><a href=\"https:\/\/rauhankasvatus.fi\/en\/safer\/\"><span style=\"font-weight: 400\"> Erasmus+ projektist \u201cSAFER: Schools Act For Equal Rights\u201d<\/span><\/a><span style=\"font-weight: 400\"> (<\/span><a href=\"https:\/\/mondo.org.ee\/projektid\/safer-turvaline-kool-koigile\/\"><span style=\"font-weight: 400\">\u201cTurvaline kool k\u00f5igile\u201d<\/span><\/a><span style=\"font-weight: 400\">). Veebikursuse sisu p\u00f5hineb k\u00e4siraamatul <\/span><a href=\"https:\/\/maailmakool.ee\/wp-content\/uploads\/sites\/7\/2021\/11\/My_learning_diary_110821_web.pdf\"><b>\u201cTackling Discrimination: My Learning Diary\u201d<\/b><\/a><span style=\"font-weight: 400\">, mille on koostanud Amiirah Salleh-Hoddin, Tadeja Pirih ja Eeva-Liisa Kiiskil\u00e4. Veebikursuse eesti- ja venekeelse versiooni loomine toimus MT\u00dc Mondo projektist \u201e<a href=\"https:\/\/mondo.org.ee\/projektid\/maailmaharidus-lasteaias\/\" target=\"_blank\" rel=\"noopener\">Maailmaharidus lasteaiast g\u00fcmnaasiumini; Eesti panus kestliku arengu eesm\u00e4rkidesse<\/a>\u201d, mida toetab ESTDEV \u2013 Eesti Rahvusvahelise Arengukoost\u00f6\u00f6 Keskus.<\/span><\/p>\n<p><span style=\"font-weight: 400\">Koolitus on tasuta, kuid palume Sul end <\/span><a href=\"https:\/\/maailmakool.ee\/safer\/et\/lms\/registration\/\"><span style=\"font-weight: 400\">registreerida<\/span><\/a><span style=\"font-weight: 400\">.<\/span><\/p>\n","protected":false},"excerpt":{"rendered":"<p>Veebikursus SAFER keskendub lahenduste leidmisele, et v\u00e4ltida diskrimineerimist koolikeskkonnas. Haridust\u00f6\u00f6tajatel on vaja rohkem oskusteavet ning suuremat p\u00e4devust, et <b>diskrimineerimisele selle k\u00f5igis vormides vastu astuda<\/b>.<\/p>\n","protected":false},"author":2075,"featured_media":0,"parent":0,"menu_order":0,"comment_status":"closed","ping_status":"closed","template":"lms-home.php","meta":{"footnotes":""},"class_list":["post-47","page","type-page","status-publish","hentry"],"_links":{"self":[{"href":"https:\/\/maailmakool.ee\/safer\/wp-json\/wp\/v2\/pages\/47","targetHints":{"allow":["GET"]}}],"collection":[{"href":"https:\/\/maailmakool.ee\/safer\/wp-json\/wp\/v2\/pages"}],"about":[{"href":"https:\/\/maailmakool.ee\/safer\/wp-json\/wp\/v2\/types\/page"}],"author":[{"embeddable":true,"href":"https:\/\/maailmakool.ee\/safer\/wp-json\/wp\/v2\/users\/2075"}],"replies":[{"embeddable":true,"href":"https:\/\/maailmakool.ee\/safer\/wp-json\/wp\/v2\/comments?post=47"}],"version-history":[{"count":7,"href":"https:\/\/maailmakool.ee\/safer\/wp-json\/wp\/v2\/pages\/47\/revisions"}],"predecessor-version":[{"id":83,"href":"https:\/\/maailmakool.ee\/safer\/wp-json\/wp\/v2\/pages\/47\/revisions\/83"}],"wp:attachment":[{"href":"https:\/\/maailmakool.ee\/safer\/wp-json\/wp\/v2\/media?parent=47"}],"curies":[{"name":"wp","href":"https:\/\/api.w.org\/{rel}","templated":true}]}}