{"id":9,"date":"2021-12-18T15:24:14","date_gmt":"2021-12-18T15:24:14","guid":{"rendered":"https:\/\/maailmakool.ee\/randekool\/?page_id=9"},"modified":"2022-02-22T12:26:13","modified_gmt":"2022-02-22T12:26:13","slug":"allikad","status":"publish","type":"page","link":"https:\/\/maailmakool.ee\/randekool\/allikad\/","title":{"rendered":"ALLIKAD"},"content":{"rendered":"<h4 class=\"lms_padding_top_none\">Rahvusvahelised allikad<\/h4>\n<p><b>\u00dcRO Rahvusvahelise R\u00e4ndeorganisatsiooni (IOM) koduleht. <\/b>Siit leiad infot nii v\u00e4rskema r\u00e4ndestatistika kohta, aruandeid rahvusvaheliste r\u00e4ndesuundumuste kohta kui ka eri riikide sisse- ja v\u00e4ljar\u00e4ndeprofiile. <a href=\"http:\/\/www.iom.int\/\">www.iom.int<\/a>, vt ka <a href=\"http:\/\/migrationdataportal.org\/\">migrationdataportal.org<\/a> ja <a href=\"https:\/\/worldmigrationreport.iom.int\/\">https:\/\/worldmigrationreport.iom.int\/<\/a><\/p>\n<ul>\n<li>IOMi kliimar\u00e4nde raport: <a href=\"https:\/\/www.ipcc.ch\/apps\/njlite\/srex\/njlite_download.php?id=5866\"> https:\/\/www.ipcc.ch\/apps\/njlite\/srex\/njlite_download.php?id=5866<\/a><\/li>\n<\/ul>\n<p><b>\u00dcRO Pagulasameti (UNHCR) koduleht. Pagulasi puudutav statistika ja aastaaruanded. <\/b><a href=\"https:\/\/www.unhcr.org\/\">https:\/\/www.unhcr.org\/<\/a><\/p>\n<ul>\n<li>UNHCRi faktileht: <a href=\"https:\/\/www.unhcr.org\/cy\/wp-content\/uploads\/sites\/41\/2021\/01\/10-facts-about-refugees-1-Aug-2020_ENG.pdf\"> https:\/\/www.unhcr.org\/cy\/wp-content\/uploads\/sites\/41\/2021\/01\/10-facts-about-refugees-1-Aug-2020_ENG.pdf<\/a><\/li>\n<li>UNHCRi tegevus ja v\u00e4ljakutsed kliimar\u00e4nde haldamisel: <a href=\"https:\/\/www.unhcr.org\/climate-change-and-disasters.html\"> https:\/\/www.unhcr.org\/climate-change-and-disasters.html<\/a><\/li>\n<\/ul>\n<p><b>UNDESA koduleht. <\/b>\u00dcRO majandus- ja sotsiaalkomitee tegeleb muu hulgas r\u00e4nde valdkonna seirega ning avaldab perioodilisi aruandeid. Vt nt <a href=\"https:\/\/www.un.org\/en\/desa\/international-migration-2020-highlights\">https:\/\/www.un.org\/en\/desa\/international-migration-2020-highlights<\/a><\/p>\n<p><b>Eurostat<\/b> koondab statistikat nii Euroopa riikides seadusliku aluseta viibijate, v\u00e4ljasaatmisotsuste kui ka tagasip\u00f6\u00f6rdumiste kohta: <a href=\"https:\/\/ec.europa.eu\/eurostat\/data\/database\"> https:\/\/ec.europa.eu\/eurostat\/data\/database<\/a><\/p>\n<p><b>Maailmapanga <\/b>statistikat v\u00e4lisrahasaadetiste kohta leiab <a href=\"https:\/\/data.worldbank.org\/indicator\/BX.TRF.PWKR.DT.GD.ZS\">siit<\/a>.<\/p>\n<p><b>Euroopa Piiri- ja Rannikuvalve Ameti (Frontex) kodulehelt<\/b> leiad nii <a href=\"https:\/\/frontex.europa.eu\/we-know\/migratory-map\/\">interaktiivse kaardi<\/a> ebaseaduslike piiri\u00fcletuste kohta kui ka <a href=\"https:\/\/frontex.europa.eu\/publications\/\">ajakohaseid raporteid<\/a>, mis kajastavad ebaseadusliku r\u00e4nde olukorda ning piirivalvet \u00fcldisemalt.<\/p>\n<p><b>Oxfordi \u00fclikooli r\u00e4ndeuuringute keskus<\/b> on koostanud l\u00fchi\u00fclevaate olulisematest faktidest <a href=\"https:\/\/migrationobservatory.ox.ac.uk\/resources\/briefings\/the-labour-market-effects-of-immigration\/\">sisser\u00e4nde m\u00f5ju kohta Briti t\u00f6\u00f6turule<\/a>.<\/p>\n<p>Kliimap\u00f5genike teemale p\u00fchendatud huvikaitseorganisatsiooni <b>Climate Refugees <\/b>koduleht, mis pakub erinevat temaatilist ja p\u00e4evakajalist lugemist ja kuulamist: <a href=\"https:\/\/climate-refugees.org\">https:\/\/climate-refugees.org<\/a><\/p>\n<p>Inimkaubanduse statistikat leiab nt siit: <a href=\"https:\/\/www.ctdatacollaborative.org\/\"> https:\/\/www.ctdatacollaborative.org\/<\/a><\/p>\n<p>Kuiv\u00f5rd atraktiivne on Eesti v\u00f5i m\u00f5ni teine riik globaalsetele talentidele ja miks (mitte)? Vastuseid leiad globaalsest talendikonkurentsi indeksist GTCI: <a href=\"https:\/\/www.insead.edu\/global-indices\"> https:\/\/www.insead.edu\/global-indices<\/a><\/p>\n<p>L\u00fchi\u00fclevaate erinevatest r\u00e4nnet puudutavatest rahvusvahelistest avaliku arvamuse k\u00fcsitlustest leiab r\u00e4ndeandmete portaalist: <a href=\"https:\/\/www.migrationdataportal.org\/themes\/public-opinion-migration\"> https:\/\/www.migrationdataportal.org\/themes\/public-opinion-migration<\/a>.<\/p>\n<p>Euroopa Liidus, sh Eestis monitooritakse r\u00e4ndega seonduvaid hoiakuid regulaarselt Eurobaromeetri k\u00fcsitlustega. Vt tulemusi siit: <a href=\"https:\/\/europa.eu\/eurobarometer\/screen\/home\"> https:\/\/europa.eu\/eurobarometer\/screen\/home<\/a>.<\/p>\n<p>Euroopa sisse- ja v\u00e4ljar\u00e4nded\u00fcnaamikat saab vaadata: <a href=\"https:\/\/migration-demography-tools.jrc.ec.europa.eu\/data-hub\/\"> KCMD Dynamic Data Hub<\/a>.<\/p>\n<p>Ingliskeelne p\u00f5hjalikum (ja pidevalt uuenev) \u00fclevaade Euroopa \u00fchtsest varjupaigas\u00fcsteemist: <a href=\"https:\/\/ec.europa.eu\/home-affairs\/what-we-do\/policies\/asylum_en\"> https:\/\/ec.europa.eu\/home-affairs\/what-we-do\/policies\/asylum_en<\/a><\/p>\n<p>R\u00e4ndeteooriatest saab p\u00f5hjalikuma ja akadeemilisema \u00fclevaate n\u00e4iteks siit: <a href=\"https:\/\/mpra.ub.uni-muenchen.de\/28197\/1\/2008WP002\"> Hagen-Zanker, J. (2008) Why do people migrate? A review of the theoretical literature. MPRA Paper no 28197<\/a><\/p>\n<h4>Eesti allikad<\/h4>\n<p><b>Statistikaameti koduleht.<\/b> Paljude teiste teemade hulgas seirab Statistikaamet ka Eesti sise- ja v\u00e4lisr\u00e4nnet. Rahvastiku valdkonna alt leiad teavet nii Eesti rahvastiku koosseisu kui ka r\u00e4ndesaldo kohta. Vt nt <a href=\"https:\/\/www.stat.ee\/et\/avasta-statistikat\/valdkonnad\/rahvastik\/ranne\">R\u00e4nne | Statistikaamet<\/a><\/p>\n<p><b>Euroopa R\u00e4ndev\u00f5rgustik (EMN)<\/b> seirab nii Eesti kui ka teiste Euroopa Liidu riikide r\u00e4ndepoliitika arengut: <a href=\"http:\/\/www.emn.ee\">www.emn.ee<\/a><\/p>\n<ul>\n<li>Ajakohase r\u00e4ndestatistikaga saab end kurssi viia n\u00e4iteks EMN Eesti statistikaraportite vahendusel: <a href=\"https:\/\/www.emn.ee\/publications-catalog\/statistikavaljaanded\/\"> https:\/\/www.emn.ee\/publications-catalog\/statistikavaljaanded\/<\/a><\/li>\n<li>R\u00e4nderegulatsiooni uuendusi saad j\u00e4lgida n\u00e4iteks EMN Eesti aastaaruannete vahendusel: <a href=\"https:\/\/www.emn.ee\/publications-catalog\/aastaaruanded\/\"> https:\/\/www.emn.ee\/publications-catalog\/aastaaruanded\/<\/a><\/li>\n<\/ul>\n<p>Eesti l\u00f5imumiskavadega saab tutvuda <b>Kultuuriministeeriumi <\/b>kodulehel: <a href=\"https:\/\/www.kul.ee\/kultuuriline-mitmekesisus-ja-loimumine\/strateegilised-dokumendid\/sidusa-eesti-arengukava-2021-2030\"> https:\/\/www.kul.ee\/kultuuriline-mitmekesisus-ja-loimumine\/strateegilised-dokumendid\/sidusa-eesti-arengukava-2021-2030<\/a>.<\/p>\n<p>Oluline l\u00f5imumisteenuste v\u00e4rav Eestis on <b>Integratsiooni Sihtasutus<\/b>: <a href=\"https:\/\/integratsioon.ee\/\"> https:\/\/integratsioon.ee\/<\/a>.<\/p>\n<p>2017. aastal ilmus <b>r\u00e4ndeteemaline Eesti inimarengu aruanne<\/b>, kust leiad nii r\u00e4ndepoliitika kui ka laiemalt r\u00e4ndeteemalisi peat\u00fckke: <a href=\"https:\/\/www.2017.inimareng.ee\/\"> https:\/\/www.2017.inimareng.ee\/<\/a><\/p>\n<p>L\u00fchikese \u00fclevaate Eestisse aastatel 2000\u20132017 saabunud sisser\u00e4ndajate t\u00f6\u00f6turuosalusest saab <a href=\"https:\/\/sisu.ut.ee\/sites\/default\/files\/ranne\/files\/sisserandajad_eesti_tooturul_-_teemakokkuvote.pdf\"><b>RITA R\u00c4NNE teemakokkuv\u00f5ttest<\/b><\/a><b>.<\/b><\/p>\n<p>Eestis tehakse r\u00e4ndeteemalisi avaliku arvamuse uuringuid aeg-ajalt mitmesuguste organisatsioonide tellimusel, kuid neid ei ole kahjuks v\u00f5imalik mugavalt \u00fchest kohast leida. \u00dcks regulaarselt toimuv ning osalt ka r\u00e4nnet puudutav k\u00fcsitlus on Siseministeeriumi korraldatav \u201e<b>Siseturvalisuse avaliku arvamuse uuring<\/b>\u201d (vt alapeat\u00fckk \u201eTeistest riikidest p\u00e4rit inimeste Eestisse elama asumine\u201d). V\u00e4rskeimad uuringuraportid on leitavad ministeeriumi tellitavate uuringute ja anal\u00fc\u00fcside loetelust: <a href=\"https:\/\/www.siseministeerium.ee\/et\/uuringud\"> https:\/\/www.siseministeerium.ee\/et\/uuringud<\/a>.<\/p>\n<p>Eesti tagasip\u00f6\u00f6rdujatele pakutavatest teenustest ja infost saab \u00fclevaate n\u00e4iteks riigiportaalist Eesti.ee.<\/p>\n<p>Eestikeelne \u00fclevaade Euroopa Liidu \u00fchisest varjupaigas\u00fcsteemist: <a href=\"https:\/\/ec.europa.eu\/home-affairs\/sites\/default\/files\/e-library\/docs\/ceas-fact-sheets\/ceas_factsheet_et.pdf\"> https:\/\/ec.europa.eu\/home-affairs\/sites\/default\/files\/e-library\/docs\/ceas-fact-sheets\/ceas_factsheet_et.pdf<\/a><\/p>\n<p>Eesti vabatahtliku toetatud tagasip\u00f6\u00f6rdumise programmi koduleht: <a href=\"http:\/\/varre.directmedia.ee\/\"> http:\/\/varre.directmedia.ee\/<\/a><\/p>\n<p>Eesti sisser\u00e4nde ajalugu: <a href=\"https:\/\/www.err.ee\/1608114112\/jaak-valge-ja-andres-aule-sisseranne-eestisse-eriti-eestlastele-moeldes\">https:\/\/www.err.ee\/1608114112\/jaak-valge-ja-andres-aule-sisseranne-eestisse-eriti-eestlastele-moeldes<\/a><\/p>\n<p>T\u00e4pset kehtivat sisser\u00e4nde piirarvu erandite nimekirja vt v\u00e4lismaalaste seaduse \u00a7-st 115 <a href=\"https:\/\/www.riigiteataja.ee\/akt\/110072020073?leiaKehtiv\">https:\/\/www.riigiteataja.ee\/akt\/110072020073?leiaKehtiv<\/a><\/p>\n<p>Kodakondsuse naturalisatsiooni korras andmise k\u00f5igi reeglitega saad tutvuda kodakondsuse seaduse teises peat\u00fckis: <a href=\"https:\/\/www.riigiteataja.ee\/akt\/103122020004?leiaKehtiv\"> https:\/\/www.riigiteataja.ee\/akt\/103122020004?leiaKehtiv<\/a><\/p>\n<p>MT\u00dc Mondo ja Praxise uuring\u00a0<a class=\"c-link\" href=\"https:\/\/www.praxis.ee\/wp-content\/uploads\/2020\/10\/IAE_final-report_2020-002.pdf\" target=\"_blank\" rel=\"noopener noreferrer\" data-stringify-link=\"https:\/\/www.praxis.ee\/wp-content\/uploads\/2020\/10\/IAE_final-report_2020-002.pdf\" data-sk=\"tooltip_parent\" data-remove-tab-index=\"true\">&#8220;The Views of Young Europeans on Migration<\/a>&#8221;<\/p>\n<h4>Raamatud<\/h4>\n<p>King, R. (2008) Inimkonna r\u00e4ndeatlas. Tallinn: Ilo.<\/p>\n<p>Goldin, I., Cameron, G., &amp; Balarajan, M. (2011). Exceptional People: How Migration Shaped Our World and Will Define Our Future. Princeton; Oxford: Princeton University Press.<\/p>\n<p>Torpey, J. C. (2018). The invention of the passport: Surveillance, citizenship and the state. Cambridge University Press.<\/p>\n<p>Brettell, C. B., &amp; Hollifield, J. F. (Eds.). (2014). Migration theory: Talking across disciplines. London; New York: Routledge.<\/p>\n<p>P\u00f5hjalikuma eestikeelse k\u00e4sitluse l\u00f5imumisest leiab k\u00f5rgkooli\u00f5piku \u201ePoliitika ja valitsemise alused\u201d (toimetajad Leif Kalev ja Anu Toots) 15. peat\u00fckist \u201eRahvusriik ja mitmekultuurilisus\u201d.<\/p>\n","protected":false},"excerpt":{"rendered":"<p>Rahvusvahelised allikad \u00dcRO Rahvusvahelise R\u00e4ndeorganisatsiooni (IOM) koduleht. Siit leiad infot nii v\u00e4rskema r\u00e4ndestatistika kohta, aruandeid rahvusvaheliste r\u00e4ndesuundumuste kohta kui ka eri riikide sisse- ja v\u00e4ljar\u00e4ndeprofiile. www.iom.int, vt ka migrationdataportal.org ja https:\/\/worldmigrationreport.iom.int\/ IOMi kliimar\u00e4nde raport: https:\/\/www.ipcc.ch\/apps\/njlite\/srex\/njlite_download.php?id=5866 \u00dcRO Pagulasameti (UNHCR) koduleht. Pagulasi puudutav statistika ja aastaaruanded. https:\/\/www.unhcr.org\/ UNHCRi faktileht: https:\/\/www.unhcr.org\/cy\/wp-content\/uploads\/sites\/41\/2021\/01\/10-facts-about-refugees-1-Aug-2020_ENG.pdf UNHCRi tegevus ja v\u00e4ljakutsed kliimar\u00e4nde haldamisel: https:\/\/www.unhcr.org\/climate-change-and-disasters.html [&hellip;]<\/p>\n","protected":false},"author":1,"featured_media":0,"parent":0,"menu_order":0,"comment_status":"closed","ping_status":"closed","template":"lms-text.php","meta":{"footnotes":""},"class_list":["post-9","page","type-page","status-publish","hentry"],"_links":{"self":[{"href":"https:\/\/maailmakool.ee\/randekool\/wp-json\/wp\/v2\/pages\/9","targetHints":{"allow":["GET"]}}],"collection":[{"href":"https:\/\/maailmakool.ee\/randekool\/wp-json\/wp\/v2\/pages"}],"about":[{"href":"https:\/\/maailmakool.ee\/randekool\/wp-json\/wp\/v2\/types\/page"}],"author":[{"embeddable":true,"href":"https:\/\/maailmakool.ee\/randekool\/wp-json\/wp\/v2\/users\/1"}],"replies":[{"embeddable":true,"href":"https:\/\/maailmakool.ee\/randekool\/wp-json\/wp\/v2\/comments?post=9"}],"version-history":[{"count":3,"href":"https:\/\/maailmakool.ee\/randekool\/wp-json\/wp\/v2\/pages\/9\/revisions"}],"predecessor-version":[{"id":153,"href":"https:\/\/maailmakool.ee\/randekool\/wp-json\/wp\/v2\/pages\/9\/revisions\/153"}],"wp:attachment":[{"href":"https:\/\/maailmakool.ee\/randekool\/wp-json\/wp\/v2\/media?parent=9"}],"curies":[{"name":"wp","href":"https:\/\/api.w.org\/{rel}","templated":true}]}}