{"id":7,"date":"2021-12-16T11:52:42","date_gmt":"2021-12-16T11:52:42","guid":{"rendered":"https:\/\/maailmakool.ee\/randekool\/?page_id=7"},"modified":"2025-06-26T12:37:16","modified_gmt":"2025-06-26T09:37:16","slug":"mtu-mondo-randekool","status":"publish","type":"page","link":"https:\/\/maailmakool.ee\/randekool\/","title":{"rendered":"MONDO R\u00c4NDEKOOL"},"content":{"rendered":"<h4><strong>Tere tulemast Mondo r\u00e4ndeteemalisele veebikursusele!<\/strong><\/h4>\n<p>R\u00e4nne ja ka v\u00f5imalus r\u00e4nnata on t\u00e4nap\u00e4eva maailma v\u00e4ga oluline osa. M\u00f5nikord \u00f6eldakse lausa, et me elame r\u00e4ndeajastul. R\u00e4nne m\u00f5jutab t\u00e4nap\u00e4evaseid \u00fchiskondi ja majandust ning pakub miljonitele v\u00f5imaluse oma eluj\u00e4rge parandada. Samas seonduvad r\u00e4ndega katsumused ning paraku p\u00f5geneb \u00fcha enam inimesi oma kodust konfliktide, aga ka n\u00e4iteks kliimamuutuste t\u00f5ttu. Sageli on r\u00e4nne teema, mis k\u00fctab kirgi ning v\u00f5ib tekkida polariseerumise oht, kus inimesed jagunevad kahte leeri: osade meelest on r\u00e4nne midagi suurep\u00e4rast, teiste meelest aga eksistentsiaalne oht. Selle r\u00e4ndekursuse eesm\u00e4rk pole tingimata muuta kellegi seisukohti r\u00e4nde kohta, k\u00fcll aga pakkuda argumendibaasi, mille pinnalt on v\u00f5imalik oma seisukohti p\u00f5hjendada. Loodetavasti muutub pilt \u00fchtaegu nii keerukamaks kui ka selgemaks.<\/p>\n<p>Lisaks r\u00e4ndekooli kursusele saad p\u00f5nevate r\u00e4ndeteemaliste materjalidega tutvuda <a href=\"https:\/\/mondo.org.ee\/ranne\/\">Mondo r\u00e4ndelehel<\/a>.<\/p>\n<h4><b>Formaat<\/b><\/h4>\n<p>Tasuta kursust on v\u00f5imalik l\u00e4bida <a href=\"\/randekool\/lms\/registration\/\">registreerituna<\/a> ning peale k\u00f5igi \u00fclesannete l\u00e4bimist saada seda t\u00f5endav t\u00f5end. Samas on k\u00f5ik materjalid k\u00e4ttesaadavad ka mitteregistreeritud huvilistele. Iseseisva kursuse osana vaadatakse 14 l\u00fchikest (umbes 10 min) videoloengut ja miniloenguid (2\u20133 min), mis avavad teemaga seotud n\u00fcansse. Iga loengu juurde on v\u00e4lja t\u00f6\u00f6tatud tausttekstid viidetega p\u00f5hjalikumaks teemasse s\u00fc\u00fcvimiseks. Tekste on v\u00f5imalik alla laadida PDF formaadis. Failid leiate peat\u00fckkide l\u00f5pust. K\u00f5igi peat\u00fckkide tekstid saate ka tervikuna alla laadida <a href=\"https:\/\/maailmakool.ee\/randekool\/wp-content\/uploads\/sites\/3\/2022\/03\/randekool_tekstid_EST.pdf\">eesti keeles<\/a> ja <a href=\"https:\/\/maailmakool.ee\/randekool\/wp-content\/uploads\/sites\/3\/2022\/03\/randekool_tekstid_ENG.pdf\">inglise keeles<\/a>. P\u00e4rast iga videoloengu l\u00e4bimist vastavad registreeritud osalejad \u00fchele loenguga seotud k\u00fcsimusele. K\u00f5igile k\u00fcsimustele vastamise j\u00e4rel saab osaleja digitaalse t\u00f5endi. Kursusega seotud k\u00fcsimuste korral kirjutage palun <a href=\"mailto:maailmaharidus%40mondo%2Eorg%2Eee\">maailmaharidus&#64;mondo&#46;org&#46;ee<\/a>&#46;<\/p>\n<h4><b>Lektorid<\/b><\/h4>\n<p>Kursuse sisu on v\u00e4lja t\u00f6\u00f6tanud Tallinna \u00dclikooli poliitikasotsioloogia dotsent ja r\u00e4ndeekspert Mari-Liis Jakobson. R\u00e4nde ja muusika teemalise peat\u00fcki autor on popmuusika ajaloo ekspert Risto Lehiste.<\/p>\n<h4><b>Loengute teemad<\/b><\/h4>\n<p>Kursusel leiame vastused j\u00e4rgmistele k\u00fcsimustele:<\/p>\n<ul>\n<li>kui palju on maailmas r\u00e4ndajaid ning kellele ja miks on need t\u00e4nases maailmas olulised?<\/li>\n<li>millised on r\u00e4nnet m\u00f5jutavad t\u00f5mbe- ja t\u00f5uketegurid ning kuidas r\u00e4ndeotsus s\u00fcnnib?<\/li>\n<li>ebaseadusliku r\u00e4nde tekkep\u00f5hjused ja viisid \u2013 kuidas seda takistada v\u00f5i ennetada?<\/li>\n<li>miks riigid pagulasi vastu v\u00f5tavad ja milliste kitsaskohtade ees varjupaigas\u00fcsteem t\u00e4nap\u00e4eval seisab?<\/li>\n<li>milliseid majanduslikke kulusid ja tulusid saavad r\u00e4ndest siht- ja l\u00e4hteriigid?<\/li>\n<li>kuidas m\u00f5jutab r\u00e4nne \u00fchiskonda ning miks osa inimesi tajub r\u00e4nnet pigem positiivselt v\u00f5i negatiivselt?<\/li>\n<li>kas maailm on kliimap\u00f5genikeks valmis?<\/li>\n<li>kuidas on seotud r\u00e4nne ja popmuusika?<\/li>\n<\/ul>\n","protected":false},"excerpt":{"rendered":"<p>Veebikursus on v\u00e4lja t\u00f6\u00f6tatud projekti \u201eJagatud teekonnad\u201d osana, mida kaasrahastavad Euroopa Komisjon, Kodaniku\u00fchiskonna Sihtkapital, Eesti Kultuuriministeerium ja Eesti V\u00e4lisministeerium arengu- ja humanitaarabi vahenditest. Kursuse sisu eest vastutab ainuisikuliselt MT\u00dc Mondo ja see ei kajasta tingimata rahastajate seisukohti.<\/p>\n","protected":false},"author":1,"featured_media":0,"parent":0,"menu_order":0,"comment_status":"closed","ping_status":"closed","template":"lms-home.php","meta":{"footnotes":""},"class_list":["post-7","page","type-page","status-publish","hentry"],"_links":{"self":[{"href":"https:\/\/maailmakool.ee\/randekool\/wp-json\/wp\/v2\/pages\/7","targetHints":{"allow":["GET"]}}],"collection":[{"href":"https:\/\/maailmakool.ee\/randekool\/wp-json\/wp\/v2\/pages"}],"about":[{"href":"https:\/\/maailmakool.ee\/randekool\/wp-json\/wp\/v2\/types\/page"}],"author":[{"embeddable":true,"href":"https:\/\/maailmakool.ee\/randekool\/wp-json\/wp\/v2\/users\/1"}],"replies":[{"embeddable":true,"href":"https:\/\/maailmakool.ee\/randekool\/wp-json\/wp\/v2\/comments?post=7"}],"version-history":[{"count":14,"href":"https:\/\/maailmakool.ee\/randekool\/wp-json\/wp\/v2\/pages\/7\/revisions"}],"predecessor-version":[{"id":238,"href":"https:\/\/maailmakool.ee\/randekool\/wp-json\/wp\/v2\/pages\/7\/revisions\/238"}],"wp:attachment":[{"href":"https:\/\/maailmakool.ee\/randekool\/wp-json\/wp\/v2\/media?parent=7"}],"curies":[{"name":"wp","href":"https:\/\/api.w.org\/{rel}","templated":true}]}}