{"id":13,"date":"2021-12-18T15:25:52","date_gmt":"2021-12-18T15:25:52","guid":{"rendered":"https:\/\/maailmakool.ee\/randekool\/?page_id=13"},"modified":"2022-12-20T14:08:02","modified_gmt":"2022-12-20T12:08:02","slug":"oppematerjalid","status":"publish","type":"page","link":"https:\/\/maailmakool.ee\/randekool\/oppematerjalid\/","title":{"rendered":"\u00d5PPEMATERJALID"},"content":{"rendered":"<p>Infograafikud toetavad <a href=\"https:\/\/maailmakool.ee\/randekool\/\">R\u00e4ndekooli<\/a> veebikursuse videote ja tekstide sisu m\u00f5istmist. Materjalis on infograafikutena esitatud 14 olulist r\u00e4ndega seotud teemat. Pildid on tr\u00fckitud v\u00e4rviliselt A3 formaadis paberile ning moodustavad kokku mapi. Infograafikud on kujundanud kunstnik Siiri Taimla (Joonmeedia).<\/p>\n<table class=\"lms_table_materials\">\n<tbody>\n<tr>\n<td><img decoding=\"async\" src=\"\/randekool\/wp-content\/uploads\/sites\/3\/2021\/12\/prillid.png\" \/><\/td>\n<td><a href=\"https:\/\/maailmakool.ee\/materjalid\/100017\/randeteemaliste-tunnikavade-kogumik\/\"><strong>Tunnikavad<\/strong><\/a>\n<p>Siit leiad mahuka kogumiku tunnikavadest, mille abil saab erinevates ainetes \u00f5pilastega r\u00e4ndeteemat k\u00e4sitleda. Kogumikus on tunnikavasid nii geograafia, \u00fchiskonna\u00f5petuse, kirjanduse, matemaatika, bioloogia, inglise keele kui kehalise kasvatuse tundide sisustamiseks. Tunnikavad on koosk\u00f5las riiklike ainekavadega ning sisaldavad aktiiv\u00f5ppemeetodeid, nagu rollim\u00e4ngud, grupit\u00f6\u00f6d, arutelud jmt.<\/p><\/td>\n<\/tr>\n<tr>\n<td><a href=\"https:\/\/maailmakool.ee\/materjalid\/?c=film,ranne-ja-pagulus,et\" target=\"_blank\" rel=\"noopener\"><img decoding=\"async\" src=\"\/randekool\/wp-content\/uploads\/sites\/3\/2021\/12\/video.png\" \/><\/a><\/td>\n<td><strong><a href=\"https:\/\/maailmakool.ee\/materjalid\/?c=film,ranne-ja-pagulus\" target=\"_blank\" rel=\"noopener\">Dokumentaalfilmid<\/a><\/strong>\n<p>Maailmakooli dokumentaalfilmikogust leiad r\u00e4nde temaatikat k\u00e4sitlevaid filme (pikkus erineb).<\/p><\/td>\n<\/tr>\n<tr>\n<td><img decoding=\"async\" src=\"\/randekool\/wp-content\/uploads\/sites\/3\/2021\/12\/video.png\" \/><\/td>\n<td><a href=\"https:\/\/mondo.org.ee\/ranne\/#videod\"><strong>Videod<\/strong><\/a>\n<p>MT\u00dc Mondo r\u00e4nde alalehelt leiad informatiivseid r\u00e4nnet k\u00e4sitlevaid videoid organisatsioonilt Migration Matters, r\u00e4ndeteemalisi animatsioone ja kampaania \u201eJagatud teekonnad\u201d k\u00e4igus valminud r\u00e4ndajate videolugusid.<\/p><\/td>\n<\/tr>\n<tr>\n<td><img decoding=\"async\" src=\"\/randekool\/wp-content\/uploads\/sites\/3\/2021\/12\/prillid.png\" \/><\/td>\n<td><a href=\"https:\/\/maailmakool.ee\/toode\/randest-infograafikud\/\"><strong>R\u00e4ndEST infograafikud<\/strong><\/a>\n<p>Infograafikud toetavad <a href=\"https:\/\/maailmakool.ee\/randekool\/\">R\u00e4ndekooli<\/a> veebikursuse videote ja tekstide sisu m\u00f5istmist. Materjalis on infograafikutena esitatud 14 olulist r\u00e4ndega seotud teemat. Pildid on tr\u00fckitud v\u00e4rviliselt A3 formaadis paberile ning moodustavad kokku mapi. Infograafikud on kujundanud kunstnik Siiri Taimla (Joonmeedia).<\/p>\n<p><a href=\"https:\/\/maailmakool.ee\/randekool\/wp-content\/uploads\/sites\/3\/2022\/12\/IAE_infograafikud_veeb_EST.pdf\">Infograafikud<\/a> PDF formaadis (eesti keeles)<\/p>\n<p><a href=\"https:\/\/maailmakool.ee\/randekool\/wp-content\/uploads\/sites\/3\/2022\/12\/IAE_infograafikud_veeb_ENG.pdf\">Infographics <\/a> in PDF format (in English)<\/p><\/td>\n<\/tr>\n<tr>\n<td><img decoding=\"async\" src=\"\/randekool\/wp-content\/uploads\/sites\/3\/2021\/12\/prillid.png\" \/><\/td>\n<td><a href=\"https:\/\/maailmakool.ee\/toode\/randest-naitus\/\"><strong>R\u00e4ndEST n\u00e4itus<\/strong><\/a>\n<p>N\u00e4itus on osa Mondo <a href=\"https:\/\/maailmakool.ee\/randekool\/\">R\u00e4ndekooli<\/a> veebikursusest R\u00e4ndekool. 14 tahvlist koosnev n\u00e4itus v\u00f5tab visuaalselt kokku olulisemad r\u00e4ndega seotud valdkonnad ning lihtsustab komplekssete loengute m\u00f5istmist. Infograafikud on kujundanud kunstnik Siiri Taimla (Joonmeedia). N\u00e4itus koosneb viieteisk\u00fcmnest A2 suurusest fotokapast, mida saab konksude ja n\u00f6\u00f6ri abil seinale riputada. Komplekti on v\u00f5imalik tasuta laenutada <a href=\"https:\/\/maailmakool.ee\/toode\/randest-naitus\/\">maailmakooli<\/a> lehelt.<\/p><\/td>\n<\/tr>\n<tr>\n<td><img decoding=\"async\" src=\"\/randekool\/wp-content\/uploads\/sites\/3\/2021\/12\/prillid.png\" \/><\/td>\n<td><strong><a href=\"https:\/\/maailmakool.ee\/materjalid\/100052\/randeteema-kasitlemine-21-sajandil\/\">\u00d5petajate k\u00e4siraamat<\/a><\/strong>\n<p>Metoodiline materjalide ja k\u00e4sitlusviiside kogumik julgustab \u00f5pilastega\u00a0 r\u00e4ndek\u00fcsimustesse ja -protsessidesse s\u00fc\u00fcvima. Kogumik on m\u00f5eldud nii formaal- kui ka mitteformaalhariduse andjatele ning h\u00f5lmab endas nii praktilisi n\u00e4pun\u00e4iteid r\u00e4ndeteemade k\u00e4sitlemiseks kui ka teoreetilisi arutelusid, miks haridust\u00f6\u00f6tajad selle teemaga tegelema peaks.<\/p><\/td>\n<\/tr>\n<\/tbody>\n<\/table>\n","protected":false},"excerpt":{"rendered":"<p>Infograafikud toetavad R\u00e4ndekooli veebikursuse videote ja tekstide sisu m\u00f5istmist. Materjalis on infograafikutena esitatud 14 olulist r\u00e4ndega seotud teemat. Pildid on tr\u00fckitud v\u00e4rviliselt A3 formaadis paberile ning moodustavad kokku mapi. Infograafikud on kujundanud kunstnik Siiri Taimla (Joonmeedia). Tunnikavad Siit leiad mahuka kogumiku tunnikavadest, mille abil saab erinevates ainetes \u00f5pilastega r\u00e4ndeteemat k\u00e4sitleda. Kogumikus on tunnikavasid nii geograafia, [&hellip;]<\/p>\n","protected":false},"author":1,"featured_media":0,"parent":0,"menu_order":0,"comment_status":"closed","ping_status":"closed","template":"lms-text.php","meta":{"footnotes":""},"class_list":["post-13","page","type-page","status-publish","hentry"],"_links":{"self":[{"href":"https:\/\/maailmakool.ee\/randekool\/wp-json\/wp\/v2\/pages\/13","targetHints":{"allow":["GET"]}}],"collection":[{"href":"https:\/\/maailmakool.ee\/randekool\/wp-json\/wp\/v2\/pages"}],"about":[{"href":"https:\/\/maailmakool.ee\/randekool\/wp-json\/wp\/v2\/types\/page"}],"author":[{"embeddable":true,"href":"https:\/\/maailmakool.ee\/randekool\/wp-json\/wp\/v2\/users\/1"}],"replies":[{"embeddable":true,"href":"https:\/\/maailmakool.ee\/randekool\/wp-json\/wp\/v2\/comments?post=13"}],"version-history":[{"count":14,"href":"https:\/\/maailmakool.ee\/randekool\/wp-json\/wp\/v2\/pages\/13\/revisions"}],"predecessor-version":[{"id":210,"href":"https:\/\/maailmakool.ee\/randekool\/wp-json\/wp\/v2\/pages\/13\/revisions\/210"}],"wp:attachment":[{"href":"https:\/\/maailmakool.ee\/randekool\/wp-json\/wp\/v2\/media?parent=13"}],"curies":[{"name":"wp","href":"https:\/\/api.w.org\/{rel}","templated":true}]}}