{"id":83,"date":"2024-02-20T18:04:07","date_gmt":"2024-02-20T16:04:07","guid":{"rendered":"https:\/\/maailmakool.ee\/peaceedu\/?page_id=83"},"modified":"2024-03-29T16:42:07","modified_gmt":"2024-03-29T14:42:07","slug":"peaceedu-pl","status":"publish","type":"page","link":"https:\/\/maailmakool.ee\/peaceedu\/pl\/","title":{"rendered":"PeaceEdu"},"content":{"rendered":"<h3>Witamy na kursie online &#8220;Edukacja dla pokoju w czasach kryzysu&#8221;<\/h3>\n<p>Kurs skierowany jest do os\u00f3b pracuj\u0105cych z m\u0142odzie\u017c\u0105.<\/p>\n<ul>\n<li>Kurs jest bezp\u0142atny<\/li>\n<li>Rejestracja nie jest wymagana<\/li>\n<li>Kurs obejmuje takie obszary, jak sfer\u0119 osobist\u0105, edukacj\u0119 w spo\u0142eczno\u015bci, bezpieczna przestrze\u0144, walka z dyskryminacj\u0105 I podtrzymywanie nadziei w sytuacjach kryzysowych.<\/li>\n<\/ul>\n<p>Autorami ca\u0142ej struktury, tekst\u00f3w i \u0107wicze\u0144 tego kursu s\u0105 edukatorki Peace Education Institute, Elina Lauttam\u00e4ki i Saara Ruuska. Obie autorki pracuj\u0105 wok\u00f3\u0142 tematu edukacji dla pokoju od ponad dwudziestu lat. S\u0105 praktyczkami edukacji dla pokoju, tw\u00f3rczyniami program\u00f3w edukacyjnych, trenerkami i nauczycielkami.<\/p>\n<p>Kurs jest cz\u0119\u015bci\u0105 projektu \u201ePeace Education in Times of Crises\u201d, kt\u00f3ry jest finansowany z programu Erasmus+ Unii Europejskiej.<\/p>\n<p><em>&#8220;Finansowane przez Uni\u0119 Europejsk\u0105. Pogl\u0105dy i opinie wyra\u017cone s\u0105 jednak wy\u0142\u0105cznie pogl\u0105dami autora (autor\u00f3w) i niekoniecznie odzwierciedlaj\u0105 pogl\u0105dy Unii Europejskiej lub Europejskiej Agencji Wykonawczej ds. Edukacji i Kultury (EACEA). Ani Unia Europejska, ani EACEA nie ponosz\u0105 za nie odpowiedzialno\u015bci.&#8221;<\/em><\/p>\n\n","protected":false},"excerpt":{"rendered":"<p>Witamy na kursie online &#8220;Edukacja dla pokoju w czasach kryzysu&#8221; Kurs skierowany jest do os\u00f3b pracuj\u0105cych z m\u0142odzie\u017c\u0105. Kurs jest bezp\u0142atny Rejestracja nie jest wymagana Kurs obejmuje takie obszary, jak sfer\u0119 osobist\u0105, edukacj\u0119 w spo\u0142eczno\u015bci, bezpieczna przestrze\u0144, walka z dyskryminacj\u0105 I podtrzymywanie nadziei w sytuacjach kryzysowych. Autorami ca\u0142ej struktury, tekst\u00f3w i \u0107wicze\u0144 tego kursu s\u0105 [&hellip;]<\/p>\n","protected":false},"author":1,"featured_media":0,"parent":0,"menu_order":0,"comment_status":"closed","ping_status":"open","template":"lms-home.php","meta":{"footnotes":""},"class_list":["post-83","page","type-page","status-publish","hentry"],"lang":"pl","translations":{"pl":83,"et":35,"en":2,"fi":102},"pll_sync_post":[],"_links":{"self":[{"href":"https:\/\/maailmakool.ee\/peaceedu\/wp-json\/wp\/v2\/pages\/83","targetHints":{"allow":["GET"]}}],"collection":[{"href":"https:\/\/maailmakool.ee\/peaceedu\/wp-json\/wp\/v2\/pages"}],"about":[{"href":"https:\/\/maailmakool.ee\/peaceedu\/wp-json\/wp\/v2\/types\/page"}],"author":[{"embeddable":true,"href":"https:\/\/maailmakool.ee\/peaceedu\/wp-json\/wp\/v2\/users\/1"}],"replies":[{"embeddable":true,"href":"https:\/\/maailmakool.ee\/peaceedu\/wp-json\/wp\/v2\/comments?post=83"}],"version-history":[{"count":5,"href":"https:\/\/maailmakool.ee\/peaceedu\/wp-json\/wp\/v2\/pages\/83\/revisions"}],"predecessor-version":[{"id":138,"href":"https:\/\/maailmakool.ee\/peaceedu\/wp-json\/wp\/v2\/pages\/83\/revisions\/138"}],"wp:attachment":[{"href":"https:\/\/maailmakool.ee\/peaceedu\/wp-json\/wp\/v2\/media?parent=83"}],"curies":[{"name":"wp","href":"https:\/\/api.w.org\/{rel}","templated":true}]}}