{"id":35,"date":"2024-01-10T20:15:41","date_gmt":"2024-01-10T20:15:41","guid":{"rendered":"https:\/\/maailmakool.ee\/peaceedu\/?page_id=35"},"modified":"2024-04-23T21:03:22","modified_gmt":"2024-04-23T18:03:22","slug":"peaceedu","status":"publish","type":"page","link":"https:\/\/maailmakool.ee\/peaceedu\/et\/","title":{"rendered":"PeaceEdu"},"content":{"rendered":"<h3>Tere tulemast veebikursusele \u201eRahuharidus kriiside keskel\u201c<\/h3>\n<p>Rahuhariduse veebikursus on m\u00f5eldud noorsoot\u00f6\u00f6tajatele ja k\u00f5igile teistele, kes t\u00f6\u00f6tavad noortega.<\/p>\n<ul>\n<li>Kursus on tasuta.<\/li>\n<li>Registreeruda ei ole vaja.<\/li>\n<li>Kursus h\u00f5lmab valdkondi nagu isiklik rahu, rahuharidus kogukonnas, turvalisus, diskrimineerimise vastu v\u00f5itlemine ning lootuse s\u00e4ilitamine kriiside ajal.<\/li>\n<\/ul>\n<p>Veebikursuse struktuuri, tekstide ja harjutuste autorid on Soome Rahuhariduse Instituudi (Rauhankasvatusinstituutti) ekspertkoolitajad Elina Lauttam\u00e4ki ja Saara Ruuska. M\u00f5lemad on t\u00f6\u00f6tanud rahuhariduse praktikutena \u00fcle 20 aasta nii rahuhariduse koolituskavasid arendades kui ka haridust\u00f6\u00f6tajaid koolitades.<\/p>\n<hr \/>\n<p><em>Veebikursus on osa projektist \u201eRahuharidus kriiside keskel\u201c, mida rahastab Euroopa Liidu programm Erasmus+. Kursuses avaldatud seisukohad ja arvamused on ainult autori(te) omad ega pruugi kajastada Euroopa Liidu v\u00f5i Euroopa Hariduse ja Kultuuri Rakendusameti (EACEA) seisukohti ja arvamusi. Euroopa Liit ega EACEA nende eest ei vastuta.<\/em><\/p>\n","protected":false},"excerpt":{"rendered":"<p>Tere tulemast veebikursusele \u201eRahuharidus kriiside keskel\u201c Rahuhariduse veebikursus on m\u00f5eldud noorsoot\u00f6\u00f6tajatele ja k\u00f5igile teistele, kes t\u00f6\u00f6tavad noortega. Kursus on tasuta. Registreeruda ei ole vaja. Kursus h\u00f5lmab valdkondi nagu isiklik rahu, rahuharidus kogukonnas, turvalisus, diskrimineerimise vastu v\u00f5itlemine ning lootuse s\u00e4ilitamine kriiside ajal. Veebikursuse struktuuri, tekstide ja harjutuste autorid on Soome Rahuhariduse Instituudi (Rauhankasvatusinstituutti) ekspertkoolitajad Elina Lauttam\u00e4ki [&hellip;]<\/p>\n","protected":false},"author":1,"featured_media":0,"parent":0,"menu_order":0,"comment_status":"closed","ping_status":"open","template":"lms-home.php","meta":{"footnotes":""},"class_list":["post-35","page","type-page","status-publish","hentry"],"lang":"et","translations":{"et":35,"en":2,"pl":83,"fi":102},"pll_sync_post":[],"_links":{"self":[{"href":"https:\/\/maailmakool.ee\/peaceedu\/wp-json\/wp\/v2\/pages\/35","targetHints":{"allow":["GET"]}}],"collection":[{"href":"https:\/\/maailmakool.ee\/peaceedu\/wp-json\/wp\/v2\/pages"}],"about":[{"href":"https:\/\/maailmakool.ee\/peaceedu\/wp-json\/wp\/v2\/types\/page"}],"author":[{"embeddable":true,"href":"https:\/\/maailmakool.ee\/peaceedu\/wp-json\/wp\/v2\/users\/1"}],"replies":[{"embeddable":true,"href":"https:\/\/maailmakool.ee\/peaceedu\/wp-json\/wp\/v2\/comments?post=35"}],"version-history":[{"count":9,"href":"https:\/\/maailmakool.ee\/peaceedu\/wp-json\/wp\/v2\/pages\/35\/revisions"}],"predecessor-version":[{"id":144,"href":"https:\/\/maailmakool.ee\/peaceedu\/wp-json\/wp\/v2\/pages\/35\/revisions\/144"}],"wp:attachment":[{"href":"https:\/\/maailmakool.ee\/peaceedu\/wp-json\/wp\/v2\/media?parent=35"}],"curies":[{"name":"wp","href":"https:\/\/api.w.org\/{rel}","templated":true}]}}