{"id":102,"date":"2024-02-21T14:04:42","date_gmt":"2024-02-21T12:04:42","guid":{"rendered":"https:\/\/maailmakool.ee\/peaceedu\/?page_id=102"},"modified":"2024-03-28T17:57:55","modified_gmt":"2024-03-28T15:57:55","slug":"peaceedu","status":"publish","type":"page","link":"https:\/\/maailmakool.ee\/peaceedu\/fi\/","title":{"rendered":"PeaceEdu"},"content":{"rendered":"<h3>Tervetuloa Rauhankasvatus kriisiaikoina-verkkokurssille<\/h3>\n<p>T\u00e4m\u00e4 rauhankasvatuksen verkkokurssi on tarkoitettu nuorisoty\u00f6ntekij\u00f6ille sek\u00e4 nuorten parissa ty\u00f6skenteleville.<\/p>\n<ul>\n<li>Kurssi on maksuton.<\/li>\n<li>Kurssille ei tarvitse rekister\u00f6ity\u00e4.<\/li>\n<li>Kurssilla k\u00e4sitell\u00e4\u00e4n muun muassa henkil\u00f6kohtaista rauhaa, rauhankasvatusta yhteis\u00f6iss\u00e4, turvallisempia tiloja, syrjinn\u00e4n vastaista ty\u00f6t\u00e4 sek\u00e4 toivon yll\u00e4pit\u00e4mist\u00e4 kriisitilanteissa.<\/li>\n<\/ul>\n<p>T\u00e4m\u00e4n verkkokurssin rakenteen ja sis\u00e4ll\u00f6n ovat suunnitelleet ja kirjoittaneet Rauhankasvatusinstituutin koulutussuunnittelijat Elina Lauttam\u00e4ki ja Saara Ruuska. He ovat ty\u00f6skennelleet rauhankasvatuksen parissa yli kaksi vuosikymment\u00e4 kouluttajina, koulutuksen suunnittelijoina ja pedagogisina asiantuntijoina.<\/p>\n<p>Verkkokurssi on osa Euroopan unionin Erasmus+-ohjelman rahoittamaa Rauhankasvatus kriisiaikoina -hanketta.<\/p>\n<p><em>\u201dRahoittajana toimii Euroopan unioni. T\u00e4ll\u00e4 kurssilla esitetyt n\u00e4kemykset ja mielipiteet edustavat kuitenkin ainoastaan kirjoittajan\/kirjoittajien n\u00e4kemyksi\u00e4 ja mielipiteit\u00e4, eiv\u00e4tk\u00e4 v\u00e4ltt\u00e4m\u00e4tt\u00e4 edusta Euroopan unionin tai Euroopan koulutuksen ja kulttuurin toimeenpanoviraston (EACEA) kantoja. Euroopan unioni tai EACEA eiv\u00e4t ole vastuussa kurssin n\u00e4kemyksist\u00e4 ja mielipiteist\u00e4.\u201d<\/em><\/p>\n","protected":false},"excerpt":{"rendered":"<p>Tervetuloa Rauhankasvatus kriisiaikoina-verkkokurssille T\u00e4m\u00e4 rauhankasvatuksen verkkokurssi on tarkoitettu nuorisoty\u00f6ntekij\u00f6ille sek\u00e4 nuorten parissa ty\u00f6skenteleville. Kurssi on maksuton. Kurssille ei tarvitse rekister\u00f6ity\u00e4. Kurssilla k\u00e4sitell\u00e4\u00e4n muun muassa henkil\u00f6kohtaista rauhaa, rauhankasvatusta yhteis\u00f6iss\u00e4, turvallisempia tiloja, syrjinn\u00e4n vastaista ty\u00f6t\u00e4 sek\u00e4 toivon yll\u00e4pit\u00e4mist\u00e4 kriisitilanteissa. T\u00e4m\u00e4n verkkokurssin rakenteen ja sis\u00e4ll\u00f6n ovat suunnitelleet ja kirjoittaneet Rauhankasvatusinstituutin koulutussuunnittelijat Elina Lauttam\u00e4ki ja Saara Ruuska. He ovat [&hellip;]<\/p>\n","protected":false},"author":1,"featured_media":0,"parent":0,"menu_order":0,"comment_status":"closed","ping_status":"open","template":"lms-home.php","meta":{"footnotes":""},"class_list":["post-102","page","type-page","status-publish","hentry"],"lang":"fi","translations":{"fi":102,"et":35,"en":2,"pl":83},"pll_sync_post":[],"_links":{"self":[{"href":"https:\/\/maailmakool.ee\/peaceedu\/wp-json\/wp\/v2\/pages\/102","targetHints":{"allow":["GET"]}}],"collection":[{"href":"https:\/\/maailmakool.ee\/peaceedu\/wp-json\/wp\/v2\/pages"}],"about":[{"href":"https:\/\/maailmakool.ee\/peaceedu\/wp-json\/wp\/v2\/types\/page"}],"author":[{"embeddable":true,"href":"https:\/\/maailmakool.ee\/peaceedu\/wp-json\/wp\/v2\/users\/1"}],"replies":[{"embeddable":true,"href":"https:\/\/maailmakool.ee\/peaceedu\/wp-json\/wp\/v2\/comments?post=102"}],"version-history":[{"count":6,"href":"https:\/\/maailmakool.ee\/peaceedu\/wp-json\/wp\/v2\/pages\/102\/revisions"}],"predecessor-version":[{"id":135,"href":"https:\/\/maailmakool.ee\/peaceedu\/wp-json\/wp\/v2\/pages\/102\/revisions\/135"}],"wp:attachment":[{"href":"https:\/\/maailmakool.ee\/peaceedu\/wp-json\/wp\/v2\/media?parent=102"}],"curies":[{"name":"wp","href":"https:\/\/api.w.org\/{rel}","templated":true}]}}